{"id":3,"date":"2024-02-24T10:08:42","date_gmt":"2024-02-24T10:08:42","guid":{"rendered":"http:\/\/knaack-organisationsentwicklung.de\/?page_id=3"},"modified":"2024-05-06T16:03:28","modified_gmt":"2024-05-06T16:03:28","slug":"dsgvo","status":"publish","type":"page","link":"https:\/\/knaack-organisationsentwicklung.de\/home\/dsgvo\/","title":{"rendered":"DSGVO"},"content":{"rendered":"<p>[et_pb_section fb_built=&#8220;1&#8243; admin_label=&#8220;About&#8220; _builder_version=&#8220;4.16&#8243; custom_padding=&#8220;90px|0px|54px|0px|false|false&#8220; global_colors_info=&#8220;{}&#8220;][et_pb_row _builder_version=&#8220;4.25.0&#8243; global_colors_info=&#8220;{}&#8220;][et_pb_column type=&#8220;4_4&#8243; _builder_version=&#8220;4.16&#8243; custom_padding=&#8220;|||&#8220; global_colors_info=&#8220;{}&#8220; custom_padding__hover=&#8220;|||&#8220;][et_pb_text _builder_version=&#8220;4.25.0&#8243; text_font=&#8220;||||||||&#8220; text_font_size=&#8220;16px&#8220; text_line_height=&#8220;1.9em&#8220; header_font=&#8220;||||||||&#8220; header_2_font=&#8220;Playfair Display|700|||||||&#8220; header_2_font_size=&#8220;40px&#8220; header_2_line_height=&#8220;1.5em&#8220; header_6_font=&#8220;||||||||&#8220; max_width_last_edited=&#8220;off|desktop&#8220; module_alignment=&#8220;center&#8220; custom_margin=&#8220;|||&#8220; custom_padding=&#8220;|||&#8220; header_2_font_size_tablet=&#8220;30px&#8220; header_2_font_size_phone=&#8220;24px&#8220; header_2_font_size_last_edited=&#8220;on|phone&#8220; global_colors_info=&#8220;{}&#8220;]<\/p>\n<h2>Datenschutzerkl\u00e4rung<\/h2>\n<h2>1) Einleitung und Kontaktdaten des Verantwortlichen<\/h2>\n<p><b>1.1<\/b>\u00a0Wir freuen uns, dass Sie unsere Website besuchen und bedanken uns f\u00fcr Ihr Interesse. Im Folgenden informieren wir Sie \u00fcber den Umgang mit Ihren personenbezogenen Daten bei der Nutzung unserer Website. Personenbezogene Daten sind hierbei alle Daten, mit denen Sie pers\u00f6nlich identifiziert werden k\u00f6nnen.<\/p>\n<p><b>1.2<\/b> Verantwortlicher f\u00fcr die Datenverarbeitung auf dieser Website im Sinne der Datenschutz-Grundverordnung (DSGVO) ist Andree Knaack, Gefionstra\u00dfe 26, 22769 Hamburg, Deutschland, Tel.: +491724551039, E-Mail: info@knaack-organisationsentwicklung.de. Der f\u00fcr die Verarbeitung von personenbezogenen Daten Verantwortliche ist diejenige nat\u00fcrliche oder juristische Person, die allein oder gemeinsam mit anderen \u00fcber die Zwecke und Mittel der Verarbeitung von personenbezogenen Daten entscheidet.<\/p>\n<h2>2) Datenerfassung beim Besuch unserer Website<\/h2>\n<p><b>2.1<\/b>\u00a0Bei der blo\u00df informatorischen Nutzung unserer Website, also wenn Sie sich nicht registrieren oder uns anderweitig Informationen \u00fcbermitteln, erheben wir nur solche Daten, die Ihr Browser an den Seitenserver \u00fcbermittelt (sog. \u201eServer-Logfiles\u201c). Wenn Sie unsere Website aufrufen, erheben wir die folgenden Daten, die f\u00fcr uns technisch erforderlich sind, um Ihnen die Website anzuzeigen:<\/p>\n<ul>\n<li>Unsere besuchte Website<\/li>\n<li>Datum und Uhrzeit zum Zeitpunkt des Zugriffes<\/li>\n<li>Menge der gesendeten Daten in Byte<\/li>\n<li>Quelle\/Verweis, von welchem Sie auf die Seite gelangten<\/li>\n<li>Verwendeter Browser<\/li>\n<li>Verwendetes Betriebssystem<\/li>\n<li>Verwendete IP-Adresse (ggf.: in anonymisierter Form)<\/li>\n<\/ul>\n<p>Die Verarbeitung erfolgt gem\u00e4\u00df Art. 6 Abs. 1 lit. f DSGVO auf Basis unseres berechtigten Interesses an der Verbesserung der Stabilit\u00e4t und Funktionalit\u00e4t unserer Website. Eine Weitergabe oder anderweitige Verwendung der Daten findet nicht statt. Wir behalten uns allerdings vor, die Server-Logfiles nachtr\u00e4glich zu \u00fcberpr\u00fcfen, sollten konkrete Anhaltspunkte auf eine rechtswidrige Nutzung hinweisen.<\/p>\n<p><b>2.2<\/b>\u00a0Diese Website nutzt aus Sicherheitsgr\u00fcnden und zum Schutz der \u00dcbertragung personenbezogener Daten und anderer vertraulicher Inhalte (z.B. Bestellungen oder Anfragen an den Verantwortlichen) eine SSL-bzw. TLS-Verschl\u00fcsselung. Sie k\u00f6nnen eine verschl\u00fcsselte Verbindung an der Zeichenfolge \u201ehttps:\/\/\u201c und dem Schloss-Symbol in Ihrer Browserzeile erkennen.<\/p>\n<h2>3) Kontaktaufnahme<\/h2>\n<p>Im Rahmen der Kontaktaufnahme mit uns (z.B. per Kontaktformular oder E-Mail) werden personenbezogene Daten erhoben. Welche Daten im Falle der Nutzung eines Kontaktformulars erhoben werden, ist aus dem jeweiligen Kontaktformular ersichtlich. Diese Daten werden ausschlie\u00dflich zum Zweck der Beantwortung Ihres Anliegens bzw. f\u00fcr die Kontaktaufnahme und die damit verbundene technische Administration gespeichert und verwendet.<\/p>\n<p>Rechtsgrundlage f\u00fcr die Verarbeitung dieser Daten ist unser berechtigtes Interesse an der Beantwortung Ihres Anliegens gem\u00e4\u00df Art. 6 Abs. 1 lit. f DSGVO. Zielt Ihre Kontaktierung auf den Abschluss eines Vertrages ab, so ist zus\u00e4tzliche Rechtsgrundlage f\u00fcr die Verarbeitung Art. 6 Abs. 1 lit. b DSGVO. Ihre Daten werden nach abschlie\u00dfender Bearbeitung Ihrer Anfrage gel\u00f6scht. Dies ist der Fall, wenn sich aus den Umst\u00e4nden entnehmen l\u00e4sst, dass der betroffene Sachverhalt abschlie\u00dfend gekl\u00e4rt ist und sofern keine gesetzlichen Aufbewahrungspflichten entgegenstehen.<\/p>\n<h2>4) Seitenfunktionalit\u00e4ten<\/h2>\n<p><b>4.1<\/b>\u00a0Microsoft Teams<\/p>\n<p>F\u00fcr die Durchf\u00fchrung von Online-Meetings, Videokonferenzen und\/oder Webinaren nutzen wir diesen Anbieter: Microsoft Corporation, One Microsoft Way, Redmond, WA 98052-6399 USA<\/p>\n<p>Der Anbieter verarbeitet unterschiedliche Daten, wobei der Umfang der verarbeiteten Daten davon abh\u00e4ngt, welche Daten Sie vor oder w\u00e4hrend der Teilnahme an einem Online-Meeting, einer Videokonferenz oder einem Webinar mitteilen. Es werden Ihre Daten als Kommunikationsteilnehmer verarbeitet und auf Servern des Anbieters gespeichert. Dies k\u00f6nnen insbesondere Ihre Anmeldedaten (Name, E-Mail-Adresse, Telefonnummer (optional) und Passwort) und Sitzungsdaten (Thema, Teilnehmer-IP-Adresse, Ger\u00e4teinformationen, Beschreibung (optional)) sein.<\/p>\n<p>Dar\u00fcber hinaus k\u00f6nnen Bild- und Tonbeitr\u00e4ge der Teilnehmer sowie Spracheingaben in Chats verarbeitet werden.<br \/>F\u00fcr die Verarbeitung von personenbezogenen Daten, die f\u00fcr die Erf\u00fcllung eines Vertrages mit Ihnen erforderlich sind (dies gilt auch f\u00fcr Verarbeitungsvorg\u00e4nge, die zur Durchf\u00fchrung vorvertraglicher Ma\u00dfnahmen erforderlich sind), dient Art. 6 Abs. 1 lit. b DSGVO als Rechtsgrundlage. Soweit Sie uns eine Einwilligung zur Verarbeitung Ihrer Daten erteilt haben, erfolgt die Verarbeitung auf Grundlage von Art. 6 Abs. 1 lit. a DSGVO. Eine erteilte Einwilligung k\u00f6nnen Sie jederzeit mit Wirkung f\u00fcr die Zukunft widerrufen.<br \/>Im \u00dcbrigen ist Rechtsgrundlage f\u00fcr die Datenverarbeitung bei der Durchf\u00fchrung von Online-Meetings, Videokonferenzen oder Webinaren unser berechtigtes Interesse gem. Art. 6 Abs. 1 lit. f DSGVO an der effektiven Durchf\u00fchrung des Online-Meetings, Webinars oder der Videokonferenz.<\/p>\n<p>Wir haben mit dem Anbieter einen Auftragsverarbeitungsvertrag geschlossen, der den Schutz der Daten unserer Seitenbesucher sicherstellt und eine unbefugte Weitergabe an Dritte untersagt.<\/p>\n<p>F\u00fcr Daten\u00fcbermittlungen in die USA hat sich der Anbieter dem EU-US-Datenschutzrahmen (EU-US Data Privacy Framework) angeschlossen, das auf Basis eines Angemessenheitsbeschlusses der Europ\u00e4ischen Kommission die Einhaltung des europ\u00e4ischen Datenschutzniveaus\u00a0sicherstellt.<\/p>\n<p><b>4.2<\/b>\u00a0Zoom<\/p>\n<p>F\u00fcr die Durchf\u00fchrung von Online-Meetings, Videokonferenzen und\/oder Webinaren nutzen wir diesen Anbieter: Zoom Video Communications Inc., 55 Almaden Blvd, Suite 600, San Jose, CA 95113, USA<\/p>\n<p>Der Anbieter verarbeitet unterschiedliche Daten, wobei der Umfang der verarbeiteten Daten davon abh\u00e4ngt, welche Daten Sie vor oder w\u00e4hrend der Teilnahme an einem Online-Meeting, einer Videokonferenz oder einem Webinar mitteilen. Es werden Ihre Daten als Kommunikationsteilnehmer verarbeitet und auf Servern des Anbieters gespeichert. Dies k\u00f6nnen insbesondere Ihre Anmeldedaten (Name, E-Mail-Adresse, Telefonnummer (optional) und Passwort) und Sitzungsdaten (Thema, Teilnehmer-IP-Adresse, Ger\u00e4teinformationen, Beschreibung (optional)) sein.<\/p>\n<p>Dar\u00fcber hinaus k\u00f6nnen Bild- und Tonbeitr\u00e4ge der Teilnehmer sowie Spracheingaben in Chats verarbeitet werden.<br \/>F\u00fcr die Verarbeitung von personenbezogenen Daten, die f\u00fcr die Erf\u00fcllung eines Vertrages mit Ihnen erforderlich sind (dies gilt auch f\u00fcr Verarbeitungsvorg\u00e4nge, die zur Durchf\u00fchrung vorvertraglicher Ma\u00dfnahmen erforderlich sind), dient Art. 6 Abs. 1 lit. b DSGVO als Rechtsgrundlage. Soweit Sie uns eine Einwilligung zur Verarbeitung Ihrer Daten erteilt haben, erfolgt die Verarbeitung auf Grundlage von Art. 6 Abs. 1 lit. a DSGVO. Eine erteilte Einwilligung k\u00f6nnen Sie jederzeit mit Wirkung f\u00fcr die Zukunft widerrufen.<br \/>Im \u00dcbrigen ist Rechtsgrundlage f\u00fcr die Datenverarbeitung bei der Durchf\u00fchrung von Online-Meetings, Videokonferenzen oder Webinaren unser berechtigtes Interesse gem. Art. 6 Abs. 1 lit. f DSGVO an der effektiven Durchf\u00fchrung des Online-Meetings, Webinars oder der Videokonferenz.<\/p>\n<p>Wir haben mit dem Anbieter einen Auftragsverarbeitungsvertrag geschlossen, der den Schutz der Daten unserer Seitenbesucher sicherstellt und eine unbefugte Weitergabe an Dritte untersagt.<\/p>\n<p>F\u00fcr Daten\u00fcbermittlungen in die USA hat sich der Anbieter dem EU-US-Datenschutzrahmen (EU-US Data Privacy Framework) angeschlossen, das auf Basis eines Angemessenheitsbeschlusses der Europ\u00e4ischen Kommission die Einhaltung des europ\u00e4ischen Datenschutzniveaus sicherstellt.<\/p>\n<h2>5) Rechte des Betroffenen<\/h2>\n<p><b>5.1<\/b>\u00a0Das geltende Datenschutzrecht gew\u00e4hrt Ihnen gegen\u00fcber dem Verantwortlichen hinsichtlich der Verarbeitung Ihrer personenbezogenen Daten die nachstehenden Betroffenenrechte (Auskunfts- und Interventionsrechte), wobei f\u00fcr die jeweiligen Aus\u00fcbungsvoraussetzungen auf die angef\u00fchrte Rechtsgrundlage verwiesen wird:<\/p>\n<ul>\n<li>Auskunftsrecht gem\u00e4\u00df Art. 15 DSGVO;<\/li>\n<li>Recht auf Berichtigung gem\u00e4\u00df Art. 16 DSGVO;<\/li>\n<li>Recht auf L\u00f6schung gem\u00e4\u00df Art. 17 DSGVO;<\/li>\n<li>Recht auf Einschr\u00e4nkung der Verarbeitung gem\u00e4\u00df Art. 18 DSGVO;<\/li>\n<li>Recht auf Unterrichtung gem\u00e4\u00df Art. 19 DSGVO;<\/li>\n<li>Recht auf Daten\u00fcbertragbarkeit gem\u00e4\u00df Art. 20 DSGVO;<\/li>\n<li>Recht auf Widerruf erteilter Einwilligungen gem\u00e4\u00df Art. 7 Abs. 3 DSGVO;<\/li>\n<li>Recht auf Beschwerde gem\u00e4\u00df Art. 77 DSGVO.<\/li>\n<\/ul>\n<p><b>5.2<\/b>\u00a0WIDERSPRUCHSRECHT<\/p>\n<p>WENN WIR IM RAHMEN EINER INTERESSENABW\u00c4GUNG IHRE PERSONENBEZOGENEN DATEN AUFGRUND UNSERES \u00dcBERWIEGENDEN BERECHTIGTEN INTERESSES VERARBEITEN, HABEN SIE DAS JEDERZEITIGE RECHT, AUS GR\u00dcNDEN, DIE SICH AUS IHRER BESONDEREN SITUATION ERGEBEN, GEGEN DIESE VERARBEITUNG WIDERSPRUCH MIT WIRKUNG F\u00dcR DIE ZUKUNFT EINZULEGEN.<\/p>\n<p>MACHEN SIE VON IHREM WIDERSPRUCHSRECHT GEBRAUCH, BEENDEN WIR DIE VERARBEITUNG DER BETROFFENEN DATEN. EINE WEITERVERARBEITUNG BLEIBT ABER VORBEHALTEN, WENN WIR ZWINGENDE SCHUTZW\u00dcRDIGE GR\u00dcNDE F\u00dcR DIE VERARBEITUNG NACHWEISEN K\u00d6NNEN, DIE IHRE INTERESSEN, GRUNDRECHTE UND GRUNDFREIHEITEN \u00dcBERWIEGEN, ODER WENN DIE VERARBEITUNG DER GELTENDMACHUNG, AUS\u00dcBUNG ODER VERTEIDIGUNG VON RECHTSANSPR\u00dcCHEN DIENT.<\/p>\n<p>WERDEN IHRE PERSONENBEZOGENEN DATEN VON UNS VERARBEITET, UM DIREKTWERBUNG ZU BETREIBEN, HABEN SIE DAS RECHT, JEDERZEIT WIDERSPRUCH GEGEN DIE VERARBEITUNG SIE BETREFFENDER PERSONENBEZOGENER DATEN ZUM ZWECKE DERARTIGER WERBUNG EINZULEGEN. SIE K\u00d6NNEN DEN WIDERSPRUCH WIE OBEN BESCHRIEBEN AUS\u00dcBEN.<\/p>\n<p>MACHEN SIE VON IHREM WIDERSPRUCHSRECHT GEBRAUCH, BEENDEN WIR DIE VERARBEITUNG DER BETROFFENEN DATEN ZU DIREKTWERBEZWECKEN.<\/p>\n<h2>6) Dauer der Speicherung personenbezogener Daten<\/h2>\n<p>Die Dauer der Speicherung von personenbezogenen Daten bemisst sich anhand der jeweiligen Rechtsgrundlage, am Verarbeitungszweck und \u2013 sofern einschl\u00e4gig \u2013 zus\u00e4tzlich anhand der jeweiligen gesetzlichen Aufbewahrungsfrist (z.B. handels- und steuerrechtliche Aufbewahrungsfristen).<\/p>\n<p>Bei der Verarbeitung von personenbezogenen Daten auf Grundlage einer ausdr\u00fccklichen Einwilligung gem\u00e4\u00df Art. 6 Abs. 1 lit. a DSGVO werden die betroffenen Daten so lange gespeichert, bis Sie Ihre Einwilligung widerrufen.<\/p>\n<p>Existieren gesetzliche Aufbewahrungsfristen f\u00fcr Daten, die im Rahmen rechtsgesch\u00e4ftlicher bzw. rechtsgesch\u00e4fts\u00e4hnlicher Verpflichtungen auf der Grundlage von Art. 6 Abs. 1 lit. b DSGVO verarbeitet werden, werden diese Daten nach Ablauf der Aufbewahrungsfristen routinem\u00e4\u00dfig gel\u00f6scht, sofern sie nicht mehr zur Vertragserf\u00fcllung oder Vertragsanbahnung erforderlich sind und\/oder unsererseits kein berechtigtes Interesse an der Weiterspeicherung fortbesteht.<\/p>\n<p>Bei der Verarbeitung von personenbezogenen Daten auf Grundlage von Art. 6 Abs. 1 lit. f DSGVO werden diese Daten so lange gespeichert, bis Sie Ihr Widerspruchsrecht nach Art. 21 Abs. 1 DSGVO aus\u00fcben, es sei denn, wir k\u00f6nnen zwingende schutzw\u00fcrdige Gr\u00fcnde f\u00fcr die Verarbeitung nachweisen, die Ihre Interessen, Rechte und Freiheiten \u00fcberwiegen, oder die Verarbeitung dient der Geltendmachung, Aus\u00fcbung oder Verteidigung von Rechtsanspr\u00fcchen.<\/p>\n<p>Bei der Verarbeitung von personenbezogenen Daten zum Zwecke der Direktwerbung auf Grundlage von Art. 6 Abs. 1 lit. f DSGVO werden diese Daten so lange gespeichert, bis Sie Ihr Widerspruchsrecht nach Art. 21 Abs. 2 DSGVO aus\u00fcben.<\/p>\n<p>Sofern sich aus den sonstigen Informationen dieser Erkl\u00e4rung \u00fcber spezifische Verarbeitungssituationen nichts anderes ergibt, werden gespeicherte personenbezogene Daten im \u00dcbrigen dann gel\u00f6scht, wenn sie f\u00fcr die Zwecke, f\u00fcr die sie erhoben oder auf sonstige Weise verarbeitet wurden, nicht mehr notwendig sind.<\/p>\n<p>Stand 6. Mai 2024<\/p>\n<p>&nbsp;<\/p>\n<p>[\/et_pb_text][\/et_pb_column][\/et_pb_row][\/et_pb_section]<\/p>\n","protected":false},"excerpt":{"rendered":"<p>Datenschutzerkl\u00e4rung 1) Einleitung und Kontaktdaten des Verantwortlichen 1.1\u00a0Wir freuen uns, dass Sie unsere Website besuchen und bedanken uns f\u00fcr Ihr Interesse. Im Folgenden informieren wir Sie \u00fcber den Umgang mit Ihren personenbezogenen Daten bei der Nutzung unserer Website. Personenbezogene Daten sind hierbei alle Daten, mit denen Sie pers\u00f6nlich identifiziert werden k\u00f6nnen. 1.2 Verantwortlicher f\u00fcr die [&hellip;]<\/p>\n","protected":false},"author":1,"featured_media":0,"parent":0,"menu_order":0,"comment_status":"closed","ping_status":"closed","template":"","meta":{"_et_pb_use_builder":"on","_et_pb_old_content":"<!-- wp:heading --><h2>Who we are<\/h2><!-- \/wp:heading --><!-- wp:paragraph --><p><strong class=\"privacy-policy-tutorial\">Suggested text: <\/strong>Our website address is: http:\/\/knaack-organisationsentwicklung.de.<\/p><!-- \/wp:paragraph --><!-- wp:heading --><h2>Comments<\/h2><!-- \/wp:heading --><!-- wp:paragraph --><p><strong class=\"privacy-policy-tutorial\">Suggested text: <\/strong>When visitors leave comments on the site we collect the data shown in the comments form, and also the visitor&#8217;s IP address and browser user agent string to help spam detection.<\/p><!-- \/wp:paragraph --><!-- wp:paragraph --><p>An anonymized string created from your email address (also called a hash) may be provided to the Gravatar service to see if you are using it. The Gravatar service privacy policy is available here: https:\/\/automattic.com\/privacy\/. After approval of your comment, your profile picture is visible to the public in the context of your comment.<\/p><!-- \/wp:paragraph --><!-- wp:heading --><h2>Media<\/h2><!-- \/wp:heading --><!-- wp:paragraph --><p><strong class=\"privacy-policy-tutorial\">Suggested text: <\/strong>If you upload images to the website, you should avoid uploading images with embedded location data (EXIF GPS) included. Visitors to the website can download and extract any location data from images on the website.<\/p><!-- \/wp:paragraph --><!-- wp:heading --><h2>Cookies<\/h2><!-- \/wp:heading --><!-- wp:paragraph --><p><strong class=\"privacy-policy-tutorial\">Suggested text: <\/strong>If you leave a comment on our site you may opt-in to saving your name, email address and website in cookies. These are for your convenience so that you do not have to fill in your details again when you leave another comment. These cookies will last for one year.<\/p><!-- \/wp:paragraph --><!-- wp:paragraph --><p>If you visit our login page, we will set a temporary cookie to determine if your browser accepts cookies. This cookie contains no personal data and is discarded when you close your browser.<\/p><!-- \/wp:paragraph --><!-- wp:paragraph --><p>When you log in, we will also set up several cookies to save your login information and your screen display choices. Login cookies last for two days, and screen options cookies last for a year. If you select &quot;Remember Me&quot;, your login will persist for two weeks. If you log out of your account, the login cookies will be removed.<\/p><!-- \/wp:paragraph --><!-- wp:paragraph --><p>If you edit or publish an article, an additional cookie will be saved in your browser. This cookie includes no personal data and simply indicates the post ID of the article you just edited. It expires after 1 day.<\/p><!-- \/wp:paragraph --><!-- wp:heading --><h2>Embedded content from other websites<\/h2><!-- \/wp:heading --><!-- wp:paragraph --><p><strong class=\"privacy-policy-tutorial\">Suggested text: <\/strong>Articles on this site may include embedded content (e.g. videos, images, articles, etc.). Embedded content from other websites behaves in the exact same way as if the visitor has visited the other website.<\/p><!-- \/wp:paragraph --><!-- wp:paragraph --><p>These websites may collect data about you, use cookies, embed additional third-party tracking, and monitor your interaction with that embedded content, including tracking your interaction with the embedded content if you have an account and are logged in to that website.<\/p><!-- \/wp:paragraph --><!-- wp:heading --><h2>Who we share your data with<\/h2><!-- \/wp:heading --><!-- wp:paragraph --><p><strong class=\"privacy-policy-tutorial\">Suggested text: <\/strong>If you request a password reset, your IP address will be included in the reset email.<\/p><!-- \/wp:paragraph --><!-- wp:heading --><h2>How long we retain your data<\/h2><!-- \/wp:heading --><!-- wp:paragraph --><p><strong class=\"privacy-policy-tutorial\">Suggested text: <\/strong>If you leave a comment, the comment and its metadata are retained indefinitely. This is so we can recognize and approve any follow-up comments automatically instead of holding them in a moderation queue.<\/p><!-- \/wp:paragraph --><!-- wp:paragraph --><p>For users that register on our website (if any), we also store the personal information they provide in their user profile. All users can see, edit, or delete their personal information at any time (except they cannot change their username). Website administrators can also see and edit that information.<\/p><!-- \/wp:paragraph --><!-- wp:heading --><h2>What rights you have over your data<\/h2><!-- \/wp:heading --><!-- wp:paragraph --><p><strong class=\"privacy-policy-tutorial\">Suggested text: <\/strong>If you have an account on this site, or have left comments, you can request to receive an exported file of the personal data we hold about you, including any data you have provided to us. You can also request that we erase any personal data we hold about you. This does not include any data we are obliged to keep for administrative, legal, or security purposes.<\/p><!-- \/wp:paragraph --><!-- wp:heading --><h2>Where your data is sent<\/h2><!-- \/wp:heading --><!-- wp:paragraph --><p><strong class=\"privacy-policy-tutorial\">Suggested text: <\/strong>Visitor comments may be checked through an automated spam detection service.<\/p><!-- \/wp:paragraph -->","_et_gb_content_width":"","footnotes":""},"_links":{"self":[{"href":"https:\/\/knaack-organisationsentwicklung.de\/home\/wp-json\/wp\/v2\/pages\/3"}],"collection":[{"href":"https:\/\/knaack-organisationsentwicklung.de\/home\/wp-json\/wp\/v2\/pages"}],"about":[{"href":"https:\/\/knaack-organisationsentwicklung.de\/home\/wp-json\/wp\/v2\/types\/page"}],"author":[{"embeddable":true,"href":"https:\/\/knaack-organisationsentwicklung.de\/home\/wp-json\/wp\/v2\/users\/1"}],"replies":[{"embeddable":true,"href":"https:\/\/knaack-organisationsentwicklung.de\/home\/wp-json\/wp\/v2\/comments?post=3"}],"version-history":[{"count":7,"href":"https:\/\/knaack-organisationsentwicklung.de\/home\/wp-json\/wp\/v2\/pages\/3\/revisions"}],"predecessor-version":[{"id":469,"href":"https:\/\/knaack-organisationsentwicklung.de\/home\/wp-json\/wp\/v2\/pages\/3\/revisions\/469"}],"wp:attachment":[{"href":"https:\/\/knaack-organisationsentwicklung.de\/home\/wp-json\/wp\/v2\/media?parent=3"}],"curies":[{"name":"wp","href":"https:\/\/api.w.org\/{rel}","templated":true}]}}